{"id":795,"date":"2024-10-21T10:46:55","date_gmt":"2024-10-21T08:46:55","guid":{"rendered":"https:\/\/serwer1419629.home.pl\/modernteam\/?page_id=795"},"modified":"2025-08-02T01:24:07","modified_gmt":"2025-08-01T23:24:07","slug":"modern-nadzor","status":"publish","type":"page","link":"https:\/\/modernteam.pl\/index.php\/modern-nadzor\/","title":{"rendered":"Modern Nadz\u00f3r"},"content":{"rendered":"\t\t<div data-elementor-type=\"wp-page\" data-elementor-id=\"795\" class=\"elementor elementor-795\" data-elementor-post-type=\"page\">\n\t\t\t\t<div class=\"elementor-element elementor-element-f5ed9cf e-flex e-con-boxed e-con e-parent\" data-id=\"f5ed9cf\" data-element_type=\"container\" data-e-type=\"container\" data-settings=\"{&quot;shape_divider_bottom&quot;:&quot;opacity-fan&quot;}\">\n\t\t\t\t\t<div class=\"e-con-inner\">\n\t\t\t\t<div class=\"elementor-shape elementor-shape-bottom\" aria-hidden=\"true\" data-negative=\"false\">\n\t\t\t<svg xmlns=\"http:\/\/www.w3.org\/2000\/svg\" viewBox=\"0 0 283.5 19.6\" preserveAspectRatio=\"none\">\n\t<path class=\"elementor-shape-fill\" style=\"opacity:0.33\" d=\"M0 0L0 18.8 141.8 4.1 283.5 18.8 283.5 0z\"\/>\n\t<path class=\"elementor-shape-fill\" style=\"opacity:0.33\" d=\"M0 0L0 12.6 141.8 4 283.5 12.6 283.5 0z\"\/>\n\t<path class=\"elementor-shape-fill\" style=\"opacity:0.33\" d=\"M0 0L0 6.4 141.8 4 283.5 6.4 283.5 0z\"\/>\n\t<path class=\"elementor-shape-fill\" d=\"M0 0L0 1.2 141.8 4 283.5 1.2 283.5 0z\"\/>\n<\/svg>\t\t<\/div>\n\t\t\t\t<div class=\"elementor-element elementor-element-0058740 elementor-invisible elementor-widget elementor-widget-image\" data-id=\"0058740\" data-element_type=\"widget\" data-e-type=\"widget\" data-settings=\"{&quot;motion_fx_motion_fx_mouse&quot;:&quot;yes&quot;,&quot;motion_fx_tilt_effect&quot;:&quot;yes&quot;,&quot;_animation&quot;:&quot;zoomIn&quot;,&quot;motion_fx_tilt_speed&quot;:{&quot;unit&quot;:&quot;px&quot;,&quot;size&quot;:4,&quot;sizes&quot;:[]}}\" data-widget_type=\"image.default\">\n\t\t\t\t<div class=\"elementor-widget-container\">\n\t\t\t\t\t\t\t\t\t\t\t\t\t\t\t<img fetchpriority=\"high\" decoding=\"async\" width=\"600\" height=\"600\" src=\"https:\/\/modernteam.pl\/wp-content\/uploads\/2024\/10\/modern_team-7.png\" class=\"attachment-full size-full wp-image-798\" alt=\"\" srcset=\"https:\/\/modernteam.pl\/wp-content\/uploads\/2024\/10\/modern_team-7.png 600w, https:\/\/modernteam.pl\/wp-content\/uploads\/2024\/10\/modern_team-7-300x300.png 300w, https:\/\/modernteam.pl\/wp-content\/uploads\/2024\/10\/modern_team-7-150x150.png 150w\" sizes=\"(max-width: 600px) 100vw, 600px\" \/>\t\t\t\t\t\t\t\t\t\t\t\t\t\t\t<\/div>\n\t\t\t\t<\/div>\n\t\t\t\t\t<\/div>\n\t\t\t\t<\/div>\n\t\t<div class=\"elementor-element elementor-element-9e2f1fe e-flex e-con-boxed e-con e-parent\" data-id=\"9e2f1fe\" data-element_type=\"container\" data-e-type=\"container\">\n\t\t\t\t\t<div class=\"e-con-inner\">\n\t\t\t\t<div class=\"elementor-element elementor-element-501a4c0 elementor-invisible elementor-widget elementor-widget-heading\" data-id=\"501a4c0\" data-element_type=\"widget\" data-e-type=\"widget\" data-settings=\"{&quot;_animation&quot;:&quot;bounceIn&quot;}\" data-widget_type=\"heading.default\">\n\t\t\t\t<div class=\"elementor-widget-container\">\n\t\t\t\t\t<h1 class=\"elementor-heading-title elementor-size-default\">Modern NADZ\u00d3R<\/h1>\t\t\t\t<\/div>\n\t\t\t\t<\/div>\n\t\t\t\t<div class=\"elementor-element elementor-element-2c5fcfc elementor-widget__width-initial elementor-widget-mobile__width-inherit elementor-invisible elementor-widget elementor-widget-text-editor\" data-id=\"2c5fcfc\" data-element_type=\"widget\" data-e-type=\"widget\" data-settings=\"{&quot;_animation&quot;:&quot;fadeIn&quot;}\" data-widget_type=\"text-editor.default\">\n\t\t\t\t<div class=\"elementor-widget-container\">\n\t\t\t\t\t\t\t\t\t<p>Profesjonalny nadz\u00f3r \u2013 pewno\u015b\u0107 solidnej realizacji.<\/p>\t\t\t\t\t\t\t\t<\/div>\n\t\t\t\t<\/div>\n\t\t\t\t\t<\/div>\n\t\t\t\t<\/div>\n\t\t<div class=\"elementor-element elementor-element-a4624e4 e-flex e-con-boxed e-con e-parent\" data-id=\"a4624e4\" data-element_type=\"container\" data-e-type=\"container\" data-settings=\"{&quot;background_background&quot;:&quot;classic&quot;}\">\n\t\t\t\t\t<div class=\"e-con-inner\">\n\t\t<div class=\"elementor-element elementor-element-78d7e54 e-con-full e-flex e-con e-child\" data-id=\"78d7e54\" data-element_type=\"container\" data-e-type=\"container\">\n\t\t\t\t<div class=\"elementor-element elementor-element-76f595b elementor-widget elementor-widget-text-editor\" data-id=\"76f595b\" data-element_type=\"widget\" data-e-type=\"widget\" data-widget_type=\"text-editor.default\">\n\t\t\t\t<div class=\"elementor-widget-container\">\n\t\t\t\t\t\t\t\t\t<p>Planujesz budow\u0119 domu? Dobra decyzja. Dzi\u0119ki temu mo\u017cesz samodzielnie ukszta\u0142towa\u0107 przestrze\u0144, kt\u00f3ra stanie si\u0119 Twoim miejscem na wiele lat. W efekcie, z pomoc\u0105 ekspert\u00f3w, powstanie budynek, kt\u00f3ry zapewni Twoim bliskim komfort i bezpiecze\u0144stwo, a przy dobrze odpowiednich technologii r\u00f3wnie\u017c niskie koszty eksploatacji.<\/p>\t\t\t\t\t\t\t\t<\/div>\n\t\t\t\t<\/div>\n\t\t\t\t<div class=\"elementor-element elementor-element-d7ac9e1 elementor-widget elementor-widget-heading\" data-id=\"d7ac9e1\" data-element_type=\"widget\" data-e-type=\"widget\" data-widget_type=\"heading.default\">\n\t\t\t\t<div class=\"elementor-widget-container\">\n\t\t\t\t\t<h2 class=\"elementor-heading-title elementor-size-default\">Przed Tob\u0105 jednak d\u0142uga droga \u2013 od projektu a\u017c po ostateczne wyko\u0144czenie budynku i wprowadzenie si\u0119.<\/h2>\t\t\t\t<\/div>\n\t\t\t\t<\/div>\n\t\t\t\t<\/div>\n\t\t<div class=\"elementor-element elementor-element-ea1d8e9 e-con-full e-flex e-con e-child\" data-id=\"ea1d8e9\" data-element_type=\"container\" data-e-type=\"container\">\n\t\t\t\t<div class=\"elementor-element elementor-element-d695129 elementor-widget elementor-widget-image\" data-id=\"d695129\" data-element_type=\"widget\" data-e-type=\"widget\" data-widget_type=\"image.default\">\n\t\t\t\t<div class=\"elementor-widget-container\">\n\t\t\t\t\t\t\t\t\t\t\t\t\t\t\t<img decoding=\"async\" width=\"1036\" height=\"679\" src=\"https:\/\/modernteam.pl\/wp-content\/uploads\/2024\/10\/Nadzor-1.webp\" class=\"attachment-full size-full wp-image-810\" alt=\"\" srcset=\"https:\/\/modernteam.pl\/wp-content\/uploads\/2024\/10\/Nadzor-1.webp 1036w, https:\/\/modernteam.pl\/wp-content\/uploads\/2024\/10\/Nadzor-1-300x197.webp 300w, https:\/\/modernteam.pl\/wp-content\/uploads\/2024\/10\/Nadzor-1-1024x671.webp 1024w, https:\/\/modernteam.pl\/wp-content\/uploads\/2024\/10\/Nadzor-1-768x503.webp 768w\" sizes=\"(max-width: 1036px) 100vw, 1036px\" \/>\t\t\t\t\t\t\t\t\t\t\t\t\t\t\t<\/div>\n\t\t\t\t<\/div>\n\t\t\t\t<\/div>\n\t\t\t\t\t<\/div>\n\t\t\t\t<\/div>\n\t\t<div class=\"elementor-element elementor-element-cfc50cc e-flex e-con-boxed e-con e-parent\" data-id=\"cfc50cc\" data-element_type=\"container\" data-e-type=\"container\">\n\t\t\t\t\t<div class=\"e-con-inner\">\n\t\t\t\t<div class=\"elementor-element elementor-element-bd6346d elementor-widget elementor-widget-text-editor\" data-id=\"bd6346d\" data-element_type=\"widget\" data-e-type=\"widget\" data-widget_type=\"text-editor.default\">\n\t\t\t\t<div class=\"elementor-widget-container\">\n\t\t\t\t\t\t\t\t\t<p>Budowa domu to nie tylko wydatki, ale r\u00f3wnie\u017c konieczno\u015b\u0107 po\u015bwi\u0119cenia czasu. Cz\u0119sto trzeba rezygnowa\u0107 z odpoczynku, wyjazd\u00f3w, a ka\u017cd\u0105 woln\u0105 chwil\u0119 po\u015bwi\u0119ci\u0107 na dopilnowanie wszelkich spraw zwi\u0105zanych z budow\u0105. Potrzebna jest zatem pasja budowania. Cho\u0107 coraz mniej os\u00f3b buduje w systemie gospodarczym mimo, \u017ce jest od 30% ta\u0144szy to i tak budowa to stresuj\u0105cy i wymagaj\u0105cy okres.<\/p>\t\t\t\t\t\t\t\t<\/div>\n\t\t\t\t<\/div>\n\t\t\t\t\t<\/div>\n\t\t\t\t<\/div>\n\t\t<div class=\"elementor-element elementor-element-f16363a e-flex e-con-boxed e-con e-parent\" data-id=\"f16363a\" data-element_type=\"container\" data-e-type=\"container\">\n\t\t\t\t\t<div class=\"e-con-inner\">\n\t\t<div class=\"elementor-element elementor-element-9425d3b e-flex e-con-boxed e-con e-child\" data-id=\"9425d3b\" data-element_type=\"container\" data-e-type=\"container\" data-settings=\"{&quot;background_background&quot;:&quot;classic&quot;}\">\n\t\t\t\t\t<div class=\"e-con-inner\">\n\t\t\t\t<div class=\"elementor-element elementor-element-33adf6a elementor-widget elementor-widget-heading\" data-id=\"33adf6a\" data-element_type=\"widget\" data-e-type=\"widget\" data-widget_type=\"heading.default\">\n\t\t\t\t<div class=\"elementor-widget-container\">\n\t\t\t\t\t<h2 class=\"elementor-heading-title elementor-size-default\">Dlatego zdecyduj si\u0119 na wsp\u00f3\u0142prac\u0119 <br>z Modern Nadz\u00f3r?<\/h2>\t\t\t\t<\/div>\n\t\t\t\t<\/div>\n\t\t\t\t\t<\/div>\n\t\t\t\t<\/div>\n\t\t\t\t\t<\/div>\n\t\t\t\t<\/div>\n\t\t<div class=\"elementor-element elementor-element-d7b0a3b e-flex e-con-boxed e-con e-parent\" data-id=\"d7b0a3b\" data-element_type=\"container\" data-e-type=\"container\" data-settings=\"{&quot;background_background&quot;:&quot;classic&quot;}\">\n\t\t\t\t\t<div class=\"e-con-inner\">\n\t\t<div class=\"elementor-element elementor-element-2fae195 e-con-full e-flex e-con e-child\" data-id=\"2fae195\" data-element_type=\"container\" data-e-type=\"container\">\n\t\t\t\t<div class=\"elementor-element elementor-element-6049213 elementor-widget elementor-widget-image\" data-id=\"6049213\" data-element_type=\"widget\" data-e-type=\"widget\" data-widget_type=\"image.default\">\n\t\t\t\t<div class=\"elementor-widget-container\">\n\t\t\t\t\t\t\t\t\t\t\t\t\t\t\t<img decoding=\"async\" width=\"1036\" height=\"679\" src=\"https:\/\/modernteam.pl\/wp-content\/uploads\/2024\/10\/Nadzor-2.webp\" class=\"attachment-full size-full wp-image-826\" alt=\"\" srcset=\"https:\/\/modernteam.pl\/wp-content\/uploads\/2024\/10\/Nadzor-2.webp 1036w, https:\/\/modernteam.pl\/wp-content\/uploads\/2024\/10\/Nadzor-2-300x197.webp 300w, https:\/\/modernteam.pl\/wp-content\/uploads\/2024\/10\/Nadzor-2-1024x671.webp 1024w, https:\/\/modernteam.pl\/wp-content\/uploads\/2024\/10\/Nadzor-2-768x503.webp 768w\" sizes=\"(max-width: 1036px) 100vw, 1036px\" \/>\t\t\t\t\t\t\t\t\t\t\t\t\t\t\t<\/div>\n\t\t\t\t<\/div>\n\t\t\t\t<\/div>\n\t\t<div class=\"elementor-element elementor-element-0b7e148 e-con-full e-flex e-con e-child\" data-id=\"0b7e148\" data-element_type=\"container\" data-e-type=\"container\">\n\t\t\t\t<div class=\"elementor-element elementor-element-4054e65 elementor-widget elementor-widget-text-editor\" data-id=\"4054e65\" data-element_type=\"widget\" data-e-type=\"widget\" data-widget_type=\"text-editor.default\">\n\t\t\t\t<div class=\"elementor-widget-container\">\n\t\t\t\t\t\t\t\t\t<p>A jaka role ma do spe\u0142nienia koordynator prac budowlanych? Jest wsp\u00f3\u0142odpowiedzialny za ca\u0142y cykl budowlany. Reprezentuje interesy i wspomaga inwestora na budowie. Taki nadz\u00f3r koordynatora mo\u017ce by\u0107 osob\u0105 doradcz\u0105, kt\u00f3ra pomo\u017ce dokonywa\u0107 w\u0142a\u015bciwych wybor\u00f3w w trakcie realizacji budowy. Zazwyczaj inwestor nie ma obowi\u0105zku powo\u0142ywania koordynatora prac budowlanych, czy te\u017c inspektora nadzoru. Warto jednak pomy\u015ble\u0107 o takim rozwi\u0105zaniu, szczeg\u00f3lnie, je\u015bli inwestor rzadko mo\u017ce przyje\u017cd\u017ca\u0107 na budow\u0119 osobi\u015bcie. \u2013 Inwestor jest wtedy spokojniejszy i ma poczucie, \u017ce budowa jest jeszcze lepiej pilnowana: zar\u00f3wno przez koordynatora prac budowlanych, inspektora nadzoru, jak i kierownika budowy.<\/p><p>Nasz zesp\u00f3\u0142 specjalist\u00f3w ModerTeam to do\u015bwiadczony \u201eteam\u201d z praktyk\u0105 na budowie, mo\u017ce pom\u00f3c unikn\u0105\u0107 niew\u0142a\u015bciwych decyzji i rozwi\u0105za\u0144 na etapie budowy, a tym samym niepotrzebnych dodatkowych koszt\u00f3w \u2013 zw\u0142aszcza dla os\u00f3b mniej do\u015bwiadczonych w zakresie prac budowlanych, mo\u017ce okaza\u0107 si\u0119 szczeg\u00f3lnie op\u0142acalne.<\/p>\t\t\t\t\t\t\t\t<\/div>\n\t\t\t\t<\/div>\n\t\t\t\t<\/div>\n\t\t\t\t\t<\/div>\n\t\t\t\t<\/div>\n\t\t<div class=\"elementor-element elementor-element-8ad782a e-flex e-con-boxed e-con e-parent\" data-id=\"8ad782a\" data-element_type=\"container\" data-e-type=\"container\" data-settings=\"{&quot;background_background&quot;:&quot;classic&quot;}\">\n\t\t\t\t\t<div class=\"e-con-inner\">\n\t\t<div class=\"elementor-element elementor-element-6eeba52 e-con-full e-flex e-con e-child\" data-id=\"6eeba52\" data-element_type=\"container\" data-e-type=\"container\">\n\t\t\t\t<div class=\"elementor-element elementor-element-a534d48 elementor-invisible elementor-widget elementor-widget-image\" data-id=\"a534d48\" data-element_type=\"widget\" data-e-type=\"widget\" data-settings=\"{&quot;_animation&quot;:&quot;fadeIn&quot;}\" data-widget_type=\"image.default\">\n\t\t\t\t<div class=\"elementor-widget-container\">\n\t\t\t\t\t\t\t\t\t\t\t\t\t\t\t<img loading=\"lazy\" decoding=\"async\" width=\"514\" height=\"470\" src=\"https:\/\/modernteam.pl\/wp-content\/uploads\/2024\/10\/Dom-2.webp\" class=\"attachment-large size-large wp-image-400\" alt=\"\" srcset=\"https:\/\/modernteam.pl\/wp-content\/uploads\/2024\/10\/Dom-2.webp 514w, https:\/\/modernteam.pl\/wp-content\/uploads\/2024\/10\/Dom-2-300x274.webp 300w\" sizes=\"(max-width: 514px) 100vw, 514px\" \/>\t\t\t\t\t\t\t\t\t\t\t\t\t\t\t<\/div>\n\t\t\t\t<\/div>\n\t\t\t\t<div class=\"elementor-element elementor-element-fdee6a6 elementor-widget__width-auto elementor-absolute elementor-invisible elementor-widget elementor-widget-image\" data-id=\"fdee6a6\" data-element_type=\"widget\" data-e-type=\"widget\" data-settings=\"{&quot;_position&quot;:&quot;absolute&quot;,&quot;_animation&quot;:&quot;fadeIn&quot;,&quot;_animation_delay&quot;:200}\" data-widget_type=\"image.default\">\n\t\t\t\t<div class=\"elementor-widget-container\">\n\t\t\t\t\t\t\t\t\t\t\t\t\t\t\t<img loading=\"lazy\" decoding=\"async\" width=\"514\" height=\"470\" src=\"https:\/\/modernteam.pl\/wp-content\/uploads\/2024\/10\/Dom-3.webp\" class=\"attachment-large size-large wp-image-401\" alt=\"\" srcset=\"https:\/\/modernteam.pl\/wp-content\/uploads\/2024\/10\/Dom-3.webp 514w, https:\/\/modernteam.pl\/wp-content\/uploads\/2024\/10\/Dom-3-300x274.webp 300w\" sizes=\"(max-width: 514px) 100vw, 514px\" \/>\t\t\t\t\t\t\t\t\t\t\t\t\t\t\t<\/div>\n\t\t\t\t<\/div>\n\t\t\t\t<\/div>\n\t\t<div class=\"elementor-element elementor-element-abc04fe e-con-full e-flex e-con e-child\" data-id=\"abc04fe\" data-element_type=\"container\" data-e-type=\"container\">\n\t\t\t\t<div class=\"elementor-element elementor-element-add909f elementor-widget-tablet__width-inherit elementor-invisible elementor-widget elementor-widget-heading\" data-id=\"add909f\" data-element_type=\"widget\" data-e-type=\"widget\" data-settings=\"{&quot;_animation&quot;:&quot;fadeIn&quot;}\" data-widget_type=\"heading.default\">\n\t\t\t\t<div class=\"elementor-widget-container\">\n\t\t\t\t\t<h2 class=\"elementor-heading-title elementor-size-default\">Nadz\u00f3r koordynatora prac budowlanych<\/h2>\t\t\t\t<\/div>\n\t\t\t\t<\/div>\n\t\t\t\t<div class=\"elementor-element elementor-element-ce90f39 elementor-widget-tablet__width-initial elementor-widget-mobile__width-inherit elementor-invisible elementor-widget elementor-widget-testimonial\" data-id=\"ce90f39\" data-element_type=\"widget\" data-e-type=\"widget\" data-settings=\"{&quot;_animation&quot;:&quot;fadeIn&quot;,&quot;_animation_delay&quot;:200}\" data-widget_type=\"testimonial.default\">\n\t\t\t\t<div class=\"elementor-widget-container\">\n\t\t\t\t\t\t\t<div class=\"elementor-testimonial-wrapper\">\n\t\t\t\t\t\t\t<div class=\"elementor-testimonial-content\">\u2022 Reprezentujemy i chronimy interesy inwestora zgodnie z prawem budowlanym.<br>\n\u2022 Kontrolujemy zgodno\u015b\u0107 realizacji budowy z projektem, pozwoleniem na budow\u0119 i przepisami.<br>\n\u2022 Doradzamy w kwestiach technicznych i materia\u0142owych.<br>\n\u2022 Kontrolujemy dziennik budowy oraz jako\u015b\u0107 i terminowo\u015b\u0107 rob\u00f3t.<br>\n\u2022 Odbieramy i weryfikujemy roboty budowlane i instalacyjne.<br>\n\u2022 Sprawdzamy i odbieramy roboty budowlane ulegaj\u0105ce zakryciu lub zanikaj\u0105ce.<br>\n\u2022 Zajmujemy si\u0119 dostaw\u0105 materia\u0142\u00f3w budowlanych<br>\n\u2022 Uzyskujemy dobre ceny materia\u0142\u00f3w budowlanych<br>\n\u2022 Przeprowadzamy odbiory ko\u0144cowe i nadzorujemy usuwanie usterek.<\/div>\n\t\t\t\n\t\t\t\t\t<\/div>\n\t\t\t\t\t\t<\/div>\n\t\t\t\t<\/div>\n\t\t\t\t<\/div>\n\t\t\t\t\t<\/div>\n\t\t\t\t<\/div>\n\t\t<div class=\"elementor-element elementor-element-6a21291 e-flex e-con-boxed e-con e-parent\" data-id=\"6a21291\" data-element_type=\"container\" data-e-type=\"container\">\n\t\t\t\t\t<div class=\"e-con-inner\">\n\t\t<div class=\"elementor-element elementor-element-30e3054 e-flex e-con-boxed e-con e-child\" data-id=\"30e3054\" data-element_type=\"container\" data-e-type=\"container\" data-settings=\"{&quot;background_background&quot;:&quot;classic&quot;}\">\n\t\t\t\t\t<div class=\"e-con-inner\">\n\t\t\t\t<div class=\"elementor-element elementor-element-92c95d9 elementor-widget elementor-widget-heading\" data-id=\"92c95d9\" data-element_type=\"widget\" data-e-type=\"widget\" data-widget_type=\"heading.default\">\n\t\t\t\t<div class=\"elementor-widget-container\">\n\t\t\t\t\t<h2 class=\"elementor-heading-title elementor-size-default\">KOMPETENCJE MODER NADZ\u00d3R\n<\/h2>\t\t\t\t<\/div>\n\t\t\t\t<\/div>\n\t\t\t\t\t<\/div>\n\t\t\t\t<\/div>\n\t\t\t\t\t<\/div>\n\t\t\t\t<\/div>\n\t\t<div class=\"elementor-element elementor-element-9c97287 e-flex e-con-boxed e-con e-parent\" data-id=\"9c97287\" data-element_type=\"container\" data-e-type=\"container\">\n\t\t\t\t\t<div class=\"e-con-inner\">\n\t\t<div class=\"elementor-element elementor-element-26578f3 e-con-full e-flex e-con e-child\" data-id=\"26578f3\" data-element_type=\"container\" data-e-type=\"container\">\n\t\t\t\t<div class=\"elementor-element elementor-element-d7d064d elementor-position-inline-start elementor-view-default elementor-mobile-position-block-start elementor-widget elementor-widget-icon-box\" data-id=\"d7d064d\" data-element_type=\"widget\" data-e-type=\"widget\" data-widget_type=\"icon-box.default\">\n\t\t\t\t<div class=\"elementor-widget-container\">\n\t\t\t\t\t\t\t<div class=\"elementor-icon-box-wrapper\">\n\n\t\t\t\t\t\t<div class=\"elementor-icon-box-icon\">\n\t\t\t\t<span  class=\"elementor-icon\">\n\t\t\t\t<svg aria-hidden=\"true\" class=\"e-font-icon-svg e-far-check-circle\" viewBox=\"0 0 512 512\" xmlns=\"http:\/\/www.w3.org\/2000\/svg\"><path d=\"M256 8C119.033 8 8 119.033 8 256s111.033 248 248 248 248-111.033 248-248S392.967 8 256 8zm0 48c110.532 0 200 89.451 200 200 0 110.532-89.451 200-200 200-110.532 0-200-89.451-200-200 0-110.532 89.451-200 200-200m140.204 130.267l-22.536-22.718c-4.667-4.705-12.265-4.736-16.97-.068L215.346 303.697l-59.792-60.277c-4.667-4.705-12.265-4.736-16.97-.069l-22.719 22.536c-4.705 4.667-4.736 12.265-.068 16.971l90.781 91.516c4.667 4.705 12.265 4.736 16.97.068l172.589-171.204c4.704-4.668 4.734-12.266.067-16.971z\"><\/path><\/svg>\t\t\t\t<\/span>\n\t\t\t<\/div>\n\t\t\t\n\t\t\t\t\t\t<div class=\"elementor-icon-box-content\">\n\n\t\t\t\t\t\t\t\t\t<h3 class=\"elementor-icon-box-title\">\n\t\t\t\t\t\t<span  >\n\t\t\t\t\t\t\tDoradztwo Budowlane\t\t\t\t\t\t<\/span>\n\t\t\t\t\t<\/h3>\n\t\t\t\t\n\t\t\t\t\t\t\t\t\t<p class=\"elementor-icon-box-description\">\n\t\t\t\t\t\tW ModernNadz\u00f3r przygotowujemy, sprawdzamy i oceniamy r\u00f3\u017cne opcje inwestycyjne i technologiczne. Pomagamy wybra\u0107 najlepsze rozwi\u0105zanie dla Twojej inwestycji budowy domu\t\t\t\t\t<\/p>\n\t\t\t\t\n\t\t\t<\/div>\n\t\t\t\n\t\t<\/div>\n\t\t\t\t\t\t<\/div>\n\t\t\t\t<\/div>\n\t\t\t\t<\/div>\n\t\t<div class=\"elementor-element elementor-element-36b3c98 e-con-full e-flex e-con e-child\" data-id=\"36b3c98\" data-element_type=\"container\" data-e-type=\"container\">\n\t\t\t\t<div class=\"elementor-element elementor-element-b9429ab elementor-position-inline-start elementor-view-default elementor-mobile-position-block-start elementor-widget elementor-widget-icon-box\" data-id=\"b9429ab\" data-element_type=\"widget\" data-e-type=\"widget\" data-widget_type=\"icon-box.default\">\n\t\t\t\t<div class=\"elementor-widget-container\">\n\t\t\t\t\t\t\t<div class=\"elementor-icon-box-wrapper\">\n\n\t\t\t\t\t\t<div class=\"elementor-icon-box-icon\">\n\t\t\t\t<span  class=\"elementor-icon\">\n\t\t\t\t<svg aria-hidden=\"true\" class=\"e-font-icon-svg e-far-check-circle\" viewBox=\"0 0 512 512\" xmlns=\"http:\/\/www.w3.org\/2000\/svg\"><path d=\"M256 8C119.033 8 8 119.033 8 256s111.033 248 248 248 248-111.033 248-248S392.967 8 256 8zm0 48c110.532 0 200 89.451 200 200 0 110.532-89.451 200-200 200-110.532 0-200-89.451-200-200 0-110.532 89.451-200 200-200m140.204 130.267l-22.536-22.718c-4.667-4.705-12.265-4.736-16.97-.068L215.346 303.697l-59.792-60.277c-4.667-4.705-12.265-4.736-16.97-.069l-22.719 22.536c-4.705 4.667-4.736 12.265-.068 16.971l90.781 91.516c4.667 4.705 12.265 4.736 16.97.068l172.589-171.204c4.704-4.668 4.734-12.266.067-16.971z\"><\/path><\/svg>\t\t\t\t<\/span>\n\t\t\t<\/div>\n\t\t\t\n\t\t\t\t\t\t<div class=\"elementor-icon-box-content\">\n\n\t\t\t\t\t\t\t\t\t<h3 class=\"elementor-icon-box-title\">\n\t\t\t\t\t\t<span  >\n\t\t\t\t\t\t\tPracownia Architektoniczna\t\t\t\t\t\t<\/span>\n\t\t\t\t\t<\/h3>\n\t\t\t\t\n\t\t\t\t\t\t\t\t\t<p class=\"elementor-icon-box-description\">\n\t\t\t\t\t\tSprawnie wsp\u00f3\u0142pracujemy z lokalnymi firmami, instytucjami i urz\u0119dami, na terenie ca\u0142ej Polski. Skutecznie uzyskujemy pozwolenia na budow\u0119.\t\t\t\t\t<\/p>\n\t\t\t\t\n\t\t\t<\/div>\n\t\t\t\n\t\t<\/div>\n\t\t\t\t\t\t<\/div>\n\t\t\t\t<\/div>\n\t\t\t\t<\/div>\n\t\t<div class=\"elementor-element elementor-element-aaf7604 e-con-full e-flex e-con e-child\" data-id=\"aaf7604\" data-element_type=\"container\" data-e-type=\"container\">\n\t\t\t\t<div class=\"elementor-element elementor-element-2e0dee7 elementor-position-inline-start elementor-view-default elementor-mobile-position-block-start elementor-widget elementor-widget-icon-box\" data-id=\"2e0dee7\" data-element_type=\"widget\" data-e-type=\"widget\" data-widget_type=\"icon-box.default\">\n\t\t\t\t<div class=\"elementor-widget-container\">\n\t\t\t\t\t\t\t<div class=\"elementor-icon-box-wrapper\">\n\n\t\t\t\t\t\t<div class=\"elementor-icon-box-icon\">\n\t\t\t\t<span  class=\"elementor-icon\">\n\t\t\t\t<svg aria-hidden=\"true\" class=\"e-font-icon-svg e-far-check-circle\" viewBox=\"0 0 512 512\" xmlns=\"http:\/\/www.w3.org\/2000\/svg\"><path d=\"M256 8C119.033 8 8 119.033 8 256s111.033 248 248 248 248-111.033 248-248S392.967 8 256 8zm0 48c110.532 0 200 89.451 200 200 0 110.532-89.451 200-200 200-110.532 0-200-89.451-200-200 0-110.532 89.451-200 200-200m140.204 130.267l-22.536-22.718c-4.667-4.705-12.265-4.736-16.97-.068L215.346 303.697l-59.792-60.277c-4.667-4.705-12.265-4.736-16.97-.069l-22.719 22.536c-4.705 4.667-4.736 12.265-.068 16.971l90.781 91.516c4.667 4.705 12.265 4.736 16.97.068l172.589-171.204c4.704-4.668 4.734-12.266.067-16.971z\"><\/path><\/svg>\t\t\t\t<\/span>\n\t\t\t<\/div>\n\t\t\t\n\t\t\t\t\t\t<div class=\"elementor-icon-box-content\">\n\n\t\t\t\t\t\t\t\t\t<h3 class=\"elementor-icon-box-title\">\n\t\t\t\t\t\t<span  >\n\t\t\t\t\t\t\tNadz\u00f3r Inwestorski\t\t\t\t\t\t<\/span>\n\t\t\t\t\t<\/h3>\n\t\t\t\t\n\t\t\t\t\t\t\t\t\t<p class=\"elementor-icon-box-description\">\n\t\t\t\t\t\tChronimy Twoj\u0105 inwestycj\u0119 na etapie realizacji. Dzi\u0119ki nam mo\u017cesz by\u0107 pewien, \u017ce prace s\u0105 zgodne z projektem, przepisami prawa, a wszelkie potencjalne problemy s\u0105 zg\u0142aszane i eliminowane na bie\u017c\u0105co.\t\t\t\t\t<\/p>\n\t\t\t\t\n\t\t\t<\/div>\n\t\t\t\n\t\t<\/div>\n\t\t\t\t\t\t<\/div>\n\t\t\t\t<\/div>\n\t\t\t\t<\/div>\n\t\t\t\t\t<\/div>\n\t\t\t\t<\/div>\n\t\t\t\t<\/div>\n\t\t","protected":false},"excerpt":{"rendered":"<p>Modern NADZ\u00d3R Profesjonalny nadz\u00f3r \u2013 pewno\u015b\u0107 solidnej realizacji. Planujesz budow\u0119 domu? Dobra decyzja. Dzi\u0119ki temu mo\u017cesz samodzielnie ukszta\u0142towa\u0107 przestrze\u0144, kt\u00f3ra stanie si\u0119 Twoim miejscem na wiele lat. W efekcie, z pomoc\u0105 ekspert\u00f3w, powstanie budynek, kt\u00f3ry zapewni Twoim bliskim komfort i bezpiecze\u0144stwo, a przy dobrze odpowiednich technologii r\u00f3wnie\u017c niskie koszty eksploatacji. Przed Tob\u0105 jednak d\u0142uga droga [&hellip;]<\/p>\n","protected":false},"author":1,"featured_media":0,"parent":0,"menu_order":0,"comment_status":"closed","ping_status":"closed","template":"elementor_header_footer","meta":{"footnotes":""},"class_list":["post-795","page","type-page","status-publish","hentry"],"_links":{"self":[{"href":"https:\/\/modernteam.pl\/index.php\/wp-json\/wp\/v2\/pages\/795","targetHints":{"allow":["GET"]}}],"collection":[{"href":"https:\/\/modernteam.pl\/index.php\/wp-json\/wp\/v2\/pages"}],"about":[{"href":"https:\/\/modernteam.pl\/index.php\/wp-json\/wp\/v2\/types\/page"}],"author":[{"embeddable":true,"href":"https:\/\/modernteam.pl\/index.php\/wp-json\/wp\/v2\/users\/1"}],"replies":[{"embeddable":true,"href":"https:\/\/modernteam.pl\/index.php\/wp-json\/wp\/v2\/comments?post=795"}],"version-history":[{"count":52,"href":"https:\/\/modernteam.pl\/index.php\/wp-json\/wp\/v2\/pages\/795\/revisions"}],"predecessor-version":[{"id":870,"href":"https:\/\/modernteam.pl\/index.php\/wp-json\/wp\/v2\/pages\/795\/revisions\/870"}],"wp:attachment":[{"href":"https:\/\/modernteam.pl\/index.php\/wp-json\/wp\/v2\/media?parent=795"}],"curies":[{"name":"wp","href":"https:\/\/api.w.org\/{rel}","templated":true}]}}