{"id":42,"date":"2024-10-12T02:46:40","date_gmt":"2024-10-12T00:46:40","guid":{"rendered":"https:\/\/serwer1419629.home.pl\/modernteam\/index.php\/about\/"},"modified":"2024-10-12T05:46:28","modified_gmt":"2024-10-12T03:46:28","slug":"ofirmie","status":"publish","type":"page","link":"https:\/\/modernteam.pl\/index.php\/ofirmie\/","title":{"rendered":"O firmie"},"content":{"rendered":"\t\t<div data-elementor-type=\"wp-page\" data-elementor-id=\"42\" class=\"elementor elementor-42\" data-elementor-post-type=\"page\">\n\t\t\t\t<div class=\"elementor-element elementor-element-1ee3ef7b e-flex e-con-boxed e-con e-parent\" data-id=\"1ee3ef7b\" data-element_type=\"container\" data-e-type=\"container\">\n\t\t\t\t\t<div class=\"e-con-inner\">\n\t\t<div class=\"elementor-element elementor-element-1e463f6b e-con-full e-flex e-con e-child\" data-id=\"1e463f6b\" data-element_type=\"container\" data-e-type=\"container\">\n\t\t\t\t<div class=\"elementor-element elementor-element-6c43b2c0 elementor-widget elementor-widget-heading\" data-id=\"6c43b2c0\" data-element_type=\"widget\" data-e-type=\"widget\" data-widget_type=\"heading.default\">\n\t\t\t\t<div class=\"elementor-widget-container\">\n\t\t\t\t\t<h1 class=\"elementor-heading-title elementor-size-default\">O firmie<\/h1>\t\t\t\t<\/div>\n\t\t\t\t<\/div>\n\t\t\t\t<div class=\"elementor-element elementor-element-3e9b66bb elementor-widget elementor-widget-text-editor\" data-id=\"3e9b66bb\" data-element_type=\"widget\" data-e-type=\"widget\" data-widget_type=\"text-editor.default\">\n\t\t\t\t<div class=\"elementor-widget-container\">\n\t\t\t\t\t\t\t\t\t<p>Nasza firma to do\u015bwiadczony partner w bran\u017cy budowlanej i nieruchomo\u015bci, kt\u00f3ry oferuje kompleksowe rozwi\u0105zania na ka\u017cdym etapie inwestycji. Specjalizujemy si\u0119 w szerokim zakresie us\u0142ug \u2013 od projektowania i doradztwa, poprzez realizacj\u0119 budowy, a\u017c po wyko\u0144czenie i zarz\u0105dzanie nieruchomo\u015bciami. Dzi\u0119ki po\u0142\u0105czeniu wieloletniej praktyki z nowoczesnymi technologiami i indywidualnym podej\u015bciem, realizujemy projekty, kt\u00f3re spe\u0142niaj\u0105 oczekiwania nawet najbardziej wymagaj\u0105cych klient\u00f3w.<\/p><p>Naszym priorytetem jest jako\u015b\u0107, terminowo\u015b\u0107 oraz pe\u0142na satysfakcja klienta. Bez wzgl\u0119du na to, czy potrzebujesz wsparcia przy budowie domu, modernizacji obiektu, czy zarz\u0105dzaniu nieruchomo\u015bciami \u2013 jeste\u015bmy tutaj, aby sprosta\u0107 ka\u017cdemu wyzwaniu.\u00a0<\/p>\t\t\t\t\t\t\t\t<\/div>\n\t\t\t\t<\/div>\n\t\t\t\t<\/div>\n\t\t<div class=\"elementor-element elementor-element-50adc97c e-con-full e-flex e-con e-child\" data-id=\"50adc97c\" data-element_type=\"container\" data-e-type=\"container\" data-settings=\"{&quot;background_background&quot;:&quot;classic&quot;,&quot;background_motion_fx_motion_fx_scrolling&quot;:&quot;yes&quot;,&quot;background_motion_fx_devices&quot;:[&quot;desktop&quot;,&quot;tablet&quot;,&quot;mobile&quot;]}\">\n\t\t\t\t<div class=\"elementor-element elementor-element-91a646b elementor-widget elementor-widget-image\" data-id=\"91a646b\" data-element_type=\"widget\" data-e-type=\"widget\" data-settings=\"{&quot;motion_fx_motion_fx_mouse&quot;:&quot;yes&quot;,&quot;motion_fx_tilt_effect&quot;:&quot;yes&quot;,&quot;motion_fx_tilt_direction&quot;:&quot;negative&quot;,&quot;motion_fx_tilt_speed&quot;:{&quot;unit&quot;:&quot;px&quot;,&quot;size&quot;:5,&quot;sizes&quot;:[]}}\" data-widget_type=\"image.default\">\n\t\t\t\t<div class=\"elementor-widget-container\">\n\t\t\t\t\t\t\t\t\t\t\t\t\t\t\t<img fetchpriority=\"high\" decoding=\"async\" width=\"600\" height=\"600\" src=\"https:\/\/modernteam.pl\/wp-content\/uploads\/2024\/10\/modern_team-2.png\" class=\"attachment-full size-full wp-image-155\" alt=\"\" srcset=\"https:\/\/modernteam.pl\/wp-content\/uploads\/2024\/10\/modern_team-2.png 600w, https:\/\/modernteam.pl\/wp-content\/uploads\/2024\/10\/modern_team-2-300x300.png 300w, https:\/\/modernteam.pl\/wp-content\/uploads\/2024\/10\/modern_team-2-150x150.png 150w\" sizes=\"(max-width: 600px) 100vw, 600px\" \/>\t\t\t\t\t\t\t\t\t\t\t\t\t\t\t<\/div>\n\t\t\t\t<\/div>\n\t\t\t\t<\/div>\n\t\t\t\t\t<\/div>\n\t\t\t\t<\/div>\n\t\t\t\t<\/div>\n\t\t","protected":false},"excerpt":{"rendered":"<p>O firmie Nasza firma to do\u015bwiadczony partner w bran\u017cy budowlanej i nieruchomo\u015bci, kt\u00f3ry oferuje kompleksowe rozwi\u0105zania na ka\u017cdym etapie inwestycji. Specjalizujemy si\u0119 w szerokim zakresie us\u0142ug \u2013 od projektowania i doradztwa, poprzez realizacj\u0119 budowy, a\u017c po wyko\u0144czenie i zarz\u0105dzanie nieruchomo\u015bciami. Dzi\u0119ki po\u0142\u0105czeniu wieloletniej praktyki z nowoczesnymi technologiami i indywidualnym podej\u015bciem, realizujemy projekty, kt\u00f3re spe\u0142niaj\u0105 oczekiwania [&hellip;]<\/p>\n","protected":false},"author":1,"featured_media":0,"parent":0,"menu_order":0,"comment_status":"closed","ping_status":"closed","template":"elementor_header_footer","meta":{"footnotes":""},"class_list":["post-42","page","type-page","status-publish","hentry"],"_links":{"self":[{"href":"https:\/\/modernteam.pl\/index.php\/wp-json\/wp\/v2\/pages\/42","targetHints":{"allow":["GET"]}}],"collection":[{"href":"https:\/\/modernteam.pl\/index.php\/wp-json\/wp\/v2\/pages"}],"about":[{"href":"https:\/\/modernteam.pl\/index.php\/wp-json\/wp\/v2\/types\/page"}],"author":[{"embeddable":true,"href":"https:\/\/modernteam.pl\/index.php\/wp-json\/wp\/v2\/users\/1"}],"replies":[{"embeddable":true,"href":"https:\/\/modernteam.pl\/index.php\/wp-json\/wp\/v2\/comments?post=42"}],"version-history":[{"count":8,"href":"https:\/\/modernteam.pl\/index.php\/wp-json\/wp\/v2\/pages\/42\/revisions"}],"predecessor-version":[{"id":202,"href":"https:\/\/modernteam.pl\/index.php\/wp-json\/wp\/v2\/pages\/42\/revisions\/202"}],"wp:attachment":[{"href":"https:\/\/modernteam.pl\/index.php\/wp-json\/wp\/v2\/media?parent=42"}],"curies":[{"name":"wp","href":"https:\/\/api.w.org\/{rel}","templated":true}]}}