{"id":313,"date":"2024-10-12T06:45:42","date_gmt":"2024-10-12T04:45:42","guid":{"rendered":"https:\/\/serwer1419629.home.pl\/modernteam\/?page_id=313"},"modified":"2025-08-02T01:24:41","modified_gmt":"2025-08-01T23:24:41","slug":"modern-projekt","status":"publish","type":"page","link":"https:\/\/modernteam.pl\/index.php\/modern-projekt\/","title":{"rendered":"Modern Projekt"},"content":{"rendered":"\t\t<div data-elementor-type=\"wp-page\" data-elementor-id=\"313\" class=\"elementor elementor-313\" data-elementor-post-type=\"page\">\n\t\t\t\t<div class=\"elementor-element elementor-element-8d7b639 e-flex e-con-boxed e-con e-parent\" data-id=\"8d7b639\" data-element_type=\"container\" data-e-type=\"container\" data-settings=\"{&quot;shape_divider_bottom&quot;:&quot;opacity-fan&quot;}\">\n\t\t\t\t\t<div class=\"e-con-inner\">\n\t\t\t\t<div class=\"elementor-shape elementor-shape-bottom\" aria-hidden=\"true\" data-negative=\"false\">\n\t\t\t<svg xmlns=\"http:\/\/www.w3.org\/2000\/svg\" viewBox=\"0 0 283.5 19.6\" preserveAspectRatio=\"none\">\n\t<path class=\"elementor-shape-fill\" style=\"opacity:0.33\" d=\"M0 0L0 18.8 141.8 4.1 283.5 18.8 283.5 0z\"\/>\n\t<path class=\"elementor-shape-fill\" style=\"opacity:0.33\" d=\"M0 0L0 12.6 141.8 4 283.5 12.6 283.5 0z\"\/>\n\t<path class=\"elementor-shape-fill\" style=\"opacity:0.33\" d=\"M0 0L0 6.4 141.8 4 283.5 6.4 283.5 0z\"\/>\n\t<path class=\"elementor-shape-fill\" d=\"M0 0L0 1.2 141.8 4 283.5 1.2 283.5 0z\"\/>\n<\/svg>\t\t<\/div>\n\t\t\t\t<div class=\"elementor-element elementor-element-df448e2 elementor-invisible elementor-widget elementor-widget-image\" data-id=\"df448e2\" data-element_type=\"widget\" data-e-type=\"widget\" data-settings=\"{&quot;motion_fx_motion_fx_mouse&quot;:&quot;yes&quot;,&quot;motion_fx_tilt_effect&quot;:&quot;yes&quot;,&quot;_animation&quot;:&quot;zoomIn&quot;,&quot;motion_fx_tilt_speed&quot;:{&quot;unit&quot;:&quot;px&quot;,&quot;size&quot;:4,&quot;sizes&quot;:[]}}\" data-widget_type=\"image.default\">\n\t\t\t\t<div class=\"elementor-widget-container\">\n\t\t\t\t\t\t\t\t\t\t\t\t\t\t\t<img fetchpriority=\"high\" decoding=\"async\" width=\"600\" height=\"600\" src=\"https:\/\/modernteam.pl\/wp-content\/uploads\/2024\/10\/modern_team-5.png\" class=\"attachment-full size-full wp-image-315\" alt=\"\" srcset=\"https:\/\/modernteam.pl\/wp-content\/uploads\/2024\/10\/modern_team-5.png 600w, https:\/\/modernteam.pl\/wp-content\/uploads\/2024\/10\/modern_team-5-300x300.png 300w, https:\/\/modernteam.pl\/wp-content\/uploads\/2024\/10\/modern_team-5-150x150.png 150w\" sizes=\"(max-width: 600px) 100vw, 600px\" \/>\t\t\t\t\t\t\t\t\t\t\t\t\t\t\t<\/div>\n\t\t\t\t<\/div>\n\t\t\t\t\t<\/div>\n\t\t\t\t<\/div>\n\t\t<div class=\"elementor-element elementor-element-8d56742 e-flex e-con-boxed e-con e-parent\" data-id=\"8d56742\" data-element_type=\"container\" data-e-type=\"container\">\n\t\t\t\t\t<div class=\"e-con-inner\">\n\t\t\t\t<div class=\"elementor-element elementor-element-642dc69 elementor-invisible elementor-widget elementor-widget-heading\" data-id=\"642dc69\" data-element_type=\"widget\" data-e-type=\"widget\" data-settings=\"{&quot;_animation&quot;:&quot;bounceIn&quot;}\" data-widget_type=\"heading.default\">\n\t\t\t\t<div class=\"elementor-widget-container\">\n\t\t\t\t\t<h1 class=\"elementor-heading-title elementor-size-default\">Modern PROJEKT<\/h1>\t\t\t\t<\/div>\n\t\t\t\t<\/div>\n\t\t\t\t<div class=\"elementor-element elementor-element-b5a832b elementor-widget__width-initial elementor-widget-mobile__width-inherit elementor-invisible elementor-widget elementor-widget-text-editor\" data-id=\"b5a832b\" data-element_type=\"widget\" data-e-type=\"widget\" data-settings=\"{&quot;_animation&quot;:&quot;fadeIn&quot;}\" data-widget_type=\"text-editor.default\">\n\t\t\t\t<div class=\"elementor-widget-container\">\n\t\t\t\t\t\t\t\t\t<p>Projektujemy domy, w kt\u00f3rych spe\u0142niaj\u0105 si\u0119 marzenia.<\/p>\t\t\t\t\t\t\t\t<\/div>\n\t\t\t\t<\/div>\n\t\t\t\t\t<\/div>\n\t\t\t\t<\/div>\n\t\t<div class=\"elementor-element elementor-element-207b117 e-flex e-con-boxed e-con e-parent\" data-id=\"207b117\" data-element_type=\"container\" data-e-type=\"container\" data-settings=\"{&quot;background_background&quot;:&quot;classic&quot;}\">\n\t\t\t\t\t<div class=\"e-con-inner\">\n\t\t<div class=\"elementor-element elementor-element-ff50f14 e-con-full e-flex e-con e-child\" data-id=\"ff50f14\" data-element_type=\"container\" data-e-type=\"container\">\n\t\t\t\t<div class=\"elementor-element elementor-element-c979162 elementor-widget elementor-widget-heading\" data-id=\"c979162\" data-element_type=\"widget\" data-e-type=\"widget\" data-widget_type=\"heading.default\">\n\t\t\t\t<div class=\"elementor-widget-container\">\n\t\t\t\t\t<h2 class=\"elementor-heading-title elementor-size-default\">Architekci spe\u0142niaj\u0105cy marzenia o pi\u0119knej bryle budynku, wn\u0119trzu i przestrzeni zagospodarowania terenu zieleni \u2013 ogrodu!<\/h2>\t\t\t\t<\/div>\n\t\t\t\t<\/div>\n\t\t\t\t<div class=\"elementor-element elementor-element-2c274a3 elementor-widget elementor-widget-text-editor\" data-id=\"2c274a3\" data-element_type=\"widget\" data-e-type=\"widget\" data-widget_type=\"text-editor.default\">\n\t\t\t\t<div class=\"elementor-widget-container\">\n\t\t\t\t\t\t\t\t\t<p>Tak, to prawda. Spe\u0142niamy marzenia o pi\u0119knym wn\u0119trzu. Dzi\u0119ki naszej pasji i do\u015bwiadczeniu aran\u017cujemy ka\u017cd\u0105 przestrze\u0144, tworz\u0105c niezwyk\u0142e projekty. Jako zesp\u00f3\u0142 projektant\u00f3w i architekt\u00f3w jeste\u015bmy w stanie spe\u0142ni\u0107 ka\u017cde marzenie naszych klient\u00f3w dotycz\u0105ce wygl\u0105du oraz funkcjonalno\u015bci mieszkania, domu, powierzchni u\u017cytkowych od zewn\u0105trz, wewn\u0105trz i wok\u00f3\u0142 domu.<\/p><p>Projektuj\u0105c przestrzenie, dbamy o nakre\u015blenie ich charakteru, dlatego jeste\u015bmy w stanie stworzy\u0107 wn\u0119trza, kt\u00f3re wyciszaj\u0105, pobudzaj\u0105 do dzia\u0142ania, czy te\u017c zapraszaj\u0105 swoim nietuzinkowym wygl\u0105dem. Projektujemy nie tylko t\u0119tni\u0105ce \u017cyciem aran\u017cacje wn\u0119trz dom\u00f3w, mieszka\u0144, ale projektujemy bry\u0142y, rozmieszczenia pomieszcze\u0144 i ziele\u0144, ogrody!<\/p><div>\u00a0<\/div>\t\t\t\t\t\t\t\t<\/div>\n\t\t\t\t<\/div>\n\t\t\t\t<\/div>\n\t\t<div class=\"elementor-element elementor-element-6c27c71 e-con-full e-flex e-con e-child\" data-id=\"6c27c71\" data-element_type=\"container\" data-e-type=\"container\">\n\t\t\t\t<div class=\"elementor-element elementor-element-f281056 elementor-widget elementor-widget-image\" data-id=\"f281056\" data-element_type=\"widget\" data-e-type=\"widget\" data-widget_type=\"image.default\">\n\t\t\t\t<div class=\"elementor-widget-container\">\n\t\t\t\t\t\t\t\t\t\t\t\t\t\t\t<img decoding=\"async\" width=\"1036\" height=\"679\" src=\"https:\/\/modernteam.pl\/wp-content\/uploads\/2024\/10\/Projekt-2.webp\" class=\"attachment-full size-full wp-image-572\" alt=\"\" srcset=\"https:\/\/modernteam.pl\/wp-content\/uploads\/2024\/10\/Projekt-2.webp 1036w, https:\/\/modernteam.pl\/wp-content\/uploads\/2024\/10\/Projekt-2-300x197.webp 300w, https:\/\/modernteam.pl\/wp-content\/uploads\/2024\/10\/Projekt-2-1024x671.webp 1024w, https:\/\/modernteam.pl\/wp-content\/uploads\/2024\/10\/Projekt-2-768x503.webp 768w\" sizes=\"(max-width: 1036px) 100vw, 1036px\" \/>\t\t\t\t\t\t\t\t\t\t\t\t\t\t\t<\/div>\n\t\t\t\t<\/div>\n\t\t\t\t<\/div>\n\t\t\t\t\t<\/div>\n\t\t\t\t<\/div>\n\t\t<div class=\"elementor-element elementor-element-a85f0f0 e-flex e-con-boxed e-con e-parent\" data-id=\"a85f0f0\" data-element_type=\"container\" data-e-type=\"container\">\n\t\t\t\t\t<div class=\"e-con-inner\">\n\t\t<div class=\"elementor-element elementor-element-90b93e6 e-flex e-con-boxed e-con e-child\" data-id=\"90b93e6\" data-element_type=\"container\" data-e-type=\"container\" data-settings=\"{&quot;background_background&quot;:&quot;classic&quot;}\">\n\t\t\t\t\t<div class=\"e-con-inner\">\n\t\t\t\t<div class=\"elementor-element elementor-element-fdff138 elementor-widget elementor-widget-heading\" data-id=\"fdff138\" data-element_type=\"widget\" data-e-type=\"widget\" data-widget_type=\"heading.default\">\n\t\t\t\t<div class=\"elementor-widget-container\">\n\t\t\t\t\t<h2 class=\"elementor-heading-title elementor-size-default\">Architektura dom\u00f3w<\/h2>\t\t\t\t<\/div>\n\t\t\t\t<\/div>\n\t\t\t\t\t<\/div>\n\t\t\t\t<\/div>\n\t\t\t\t\t<\/div>\n\t\t\t\t<\/div>\n\t\t<div class=\"elementor-element elementor-element-3dc9d32 e-flex e-con-boxed e-con e-parent\" data-id=\"3dc9d32\" data-element_type=\"container\" data-e-type=\"container\" data-settings=\"{&quot;background_background&quot;:&quot;classic&quot;}\">\n\t\t\t\t\t<div class=\"e-con-inner\">\n\t\t<div class=\"elementor-element elementor-element-cec6bc1 e-con-full e-flex e-con e-child\" data-id=\"cec6bc1\" data-element_type=\"container\" data-e-type=\"container\">\n\t\t\t\t<div class=\"elementor-element elementor-element-8abe921 elementor-widget elementor-widget-image\" data-id=\"8abe921\" data-element_type=\"widget\" data-e-type=\"widget\" data-widget_type=\"image.default\">\n\t\t\t\t<div class=\"elementor-widget-container\">\n\t\t\t\t\t\t\t\t\t\t\t\t\t\t\t<img decoding=\"async\" width=\"1036\" height=\"679\" src=\"https:\/\/modernteam.pl\/wp-content\/uploads\/2024\/10\/Projekt-3.webp\" class=\"attachment-full size-full wp-image-582\" alt=\"\" srcset=\"https:\/\/modernteam.pl\/wp-content\/uploads\/2024\/10\/Projekt-3.webp 1036w, https:\/\/modernteam.pl\/wp-content\/uploads\/2024\/10\/Projekt-3-300x197.webp 300w, https:\/\/modernteam.pl\/wp-content\/uploads\/2024\/10\/Projekt-3-1024x671.webp 1024w, https:\/\/modernteam.pl\/wp-content\/uploads\/2024\/10\/Projekt-3-768x503.webp 768w\" sizes=\"(max-width: 1036px) 100vw, 1036px\" \/>\t\t\t\t\t\t\t\t\t\t\t\t\t\t\t<\/div>\n\t\t\t\t<\/div>\n\t\t\t\t<\/div>\n\t\t<div class=\"elementor-element elementor-element-20b26f3 e-con-full e-flex e-con e-child\" data-id=\"20b26f3\" data-element_type=\"container\" data-e-type=\"container\">\n\t\t\t\t<div class=\"elementor-element elementor-element-a4db2ce elementor-widget elementor-widget-text-editor\" data-id=\"a4db2ce\" data-element_type=\"widget\" data-e-type=\"widget\" data-widget_type=\"text-editor.default\">\n\t\t\t\t<div class=\"elementor-widget-container\">\n\t\t\t\t\t\t\t\t\t<p>Projektuj\u0119 domy unikatowe w swoim kszta\u0142cie, a tak\u017ce w rozmieszczeniu poszczeg\u00f3lnych stref wewn\u0105trz budynku. Tym samym ka\u017cdy projekt jest wyj\u0105tkowy i nietypowy. Ws\u0142uchuj\u0119 si\u0119 w potrzeby Klient\u00f3w i zestawiam je z moimi wyobra\u017ceniami o danej bryle i jej dynamice. Nigdy wyzwaniem nie jest dla mnie kszta\u0142t dzia\u0142ki, czy ograniczony metra\u017c. Szybko przekuwam je w atuty projektu.<br \/>Projektowanie budynk\u00f3w to nie tylko wyobra\u017ania i kreatywno\u015b\u0107, ale tak\u017ce wiele trudnych decyzji technicznych i praktycznych. Architekci musz\u0105 wi\u0119c po\u0142\u0105czy\u0107 swoje umiej\u0119tno\u015bci artystyczne z wiedz\u0105 in\u017cyniersk\u0105 i zrozumieniem skomplikowanych proces\u00f3w budowlanych.<\/p>\t\t\t\t\t\t\t\t<\/div>\n\t\t\t\t<\/div>\n\t\t\t\t<div class=\"elementor-element elementor-element-1e6b45d elementor-widget elementor-widget-heading\" data-id=\"1e6b45d\" data-element_type=\"widget\" data-e-type=\"widget\" data-widget_type=\"heading.default\">\n\t\t\t\t<div class=\"elementor-widget-container\">\n\t\t\t\t\t<h2 class=\"elementor-heading-title elementor-size-default\">POSIADAMY TAK\u017bE GOTOWE PROJEKTY ARCHITEKONICZNE DOM\u00d3W<\/h2>\t\t\t\t<\/div>\n\t\t\t\t<\/div>\n\t\t\t\t<\/div>\n\t\t\t\t\t<\/div>\n\t\t\t\t<\/div>\n\t\t<div class=\"elementor-element elementor-element-3dfcaf6 e-flex e-con-boxed e-con e-parent\" data-id=\"3dfcaf6\" data-element_type=\"container\" data-e-type=\"container\">\n\t\t\t\t\t<div class=\"e-con-inner\">\n\t\t<div class=\"elementor-element elementor-element-46932a6 e-flex e-con-boxed e-con e-child\" data-id=\"46932a6\" data-element_type=\"container\" data-e-type=\"container\" data-settings=\"{&quot;background_background&quot;:&quot;classic&quot;}\">\n\t\t\t\t\t<div class=\"e-con-inner\">\n\t\t\t\t<div class=\"elementor-element elementor-element-9dc1b3c elementor-widget elementor-widget-heading\" data-id=\"9dc1b3c\" data-element_type=\"widget\" data-e-type=\"widget\" data-widget_type=\"heading.default\">\n\t\t\t\t<div class=\"elementor-widget-container\">\n\t\t\t\t\t<h2 class=\"elementor-heading-title elementor-size-default\">Profesjonalna aran\u017cacja wn\u0119trza domu dopasowana do Ciebie<\/h2>\t\t\t\t<\/div>\n\t\t\t\t<\/div>\n\t\t\t\t\t<\/div>\n\t\t\t\t<\/div>\n\t\t\t\t\t<\/div>\n\t\t\t\t<\/div>\n\t\t<div class=\"elementor-element elementor-element-3dc13d8 e-flex e-con-boxed e-con e-parent\" data-id=\"3dc13d8\" data-element_type=\"container\" data-e-type=\"container\" data-settings=\"{&quot;background_background&quot;:&quot;classic&quot;}\">\n\t\t\t\t\t<div class=\"e-con-inner\">\n\t\t<div class=\"elementor-element elementor-element-0bcbea2 e-con-full e-flex e-con e-child\" data-id=\"0bcbea2\" data-element_type=\"container\" data-e-type=\"container\">\n\t\t\t\t<div class=\"elementor-element elementor-element-156a057 elementor-widget elementor-widget-text-editor\" data-id=\"156a057\" data-element_type=\"widget\" data-e-type=\"widget\" data-widget_type=\"text-editor.default\">\n\t\t\t\t<div class=\"elementor-widget-container\">\n\t\t\t\t\t\t\t\t\t<p>Projektowanie domu, niezale\u017cnie od tego, czy jest on w stanie surowym czy wymaga gruntownego remontu, to zawsze zadanie trudne. My pomo\u017cemy Ci zaaran\u017cowa\u0107 wymarzony dom z uwzgl\u0119dnieniem wszystkich Twoich pomys\u0142\u00f3w oraz w ramach okre\u015blonego przez Ciebie bud\u017cetu. Podczas procesu projektowania bierzemy pod uwag\u0119 potrzeby, styl \u017cycia i gusta wszystkich domownik\u00f3w. \u0141\u0105czymy oczekiwania, tak by wszyscy we wsp\u00f3lnej przestrzeni czuli si\u0119 dobrze, a w swoich prywatnych pokojach znale\u017ali wymarzon\u0105 oaz\u0119 daj\u0105c\u0105 mo\u017cliwo\u015b\u0107 relaksu po ca\u0142ym dniu.<\/p>\t\t\t\t\t\t\t\t<\/div>\n\t\t\t\t<\/div>\n\t\t\t\t<\/div>\n\t\t<div class=\"elementor-element elementor-element-a2166c2 e-con-full e-flex e-con e-child\" data-id=\"a2166c2\" data-element_type=\"container\" data-e-type=\"container\">\n\t\t\t\t<div class=\"elementor-element elementor-element-0e54877 elementor-widget elementor-widget-image\" data-id=\"0e54877\" data-element_type=\"widget\" data-e-type=\"widget\" data-widget_type=\"image.default\">\n\t\t\t\t<div class=\"elementor-widget-container\">\n\t\t\t\t\t\t\t\t\t\t\t\t\t\t\t<img loading=\"lazy\" decoding=\"async\" width=\"1036\" height=\"679\" src=\"https:\/\/modernteam.pl\/wp-content\/uploads\/2024\/10\/Projekt-1.webp\" class=\"attachment-full size-full wp-image-568\" alt=\"\" srcset=\"https:\/\/modernteam.pl\/wp-content\/uploads\/2024\/10\/Projekt-1.webp 1036w, https:\/\/modernteam.pl\/wp-content\/uploads\/2024\/10\/Projekt-1-300x197.webp 300w, https:\/\/modernteam.pl\/wp-content\/uploads\/2024\/10\/Projekt-1-1024x671.webp 1024w, https:\/\/modernteam.pl\/wp-content\/uploads\/2024\/10\/Projekt-1-768x503.webp 768w\" sizes=\"(max-width: 1036px) 100vw, 1036px\" \/>\t\t\t\t\t\t\t\t\t\t\t\t\t\t\t<\/div>\n\t\t\t\t<\/div>\n\t\t\t\t<\/div>\n\t\t\t\t\t<\/div>\n\t\t\t\t<\/div>\n\t\t<div class=\"elementor-element elementor-element-4634349 e-flex e-con-boxed e-con e-parent\" data-id=\"4634349\" data-element_type=\"container\" data-e-type=\"container\">\n\t\t\t\t\t<div class=\"e-con-inner\">\n\t\t<div class=\"elementor-element elementor-element-c0afbae e-flex e-con-boxed e-con e-child\" data-id=\"c0afbae\" data-element_type=\"container\" data-e-type=\"container\" data-settings=\"{&quot;background_background&quot;:&quot;classic&quot;}\">\n\t\t\t\t\t<div class=\"e-con-inner\">\n\t\t\t\t<div class=\"elementor-element elementor-element-736af1e elementor-widget elementor-widget-heading\" data-id=\"736af1e\" data-element_type=\"widget\" data-e-type=\"widget\" data-widget_type=\"heading.default\">\n\t\t\t\t<div class=\"elementor-widget-container\">\n\t\t\t\t\t<h2 class=\"elementor-heading-title elementor-size-default\">Projektowanie ogrod\u00f3w<\/h2>\t\t\t\t<\/div>\n\t\t\t\t<\/div>\n\t\t\t\t\t<\/div>\n\t\t\t\t<\/div>\n\t\t\t\t\t<\/div>\n\t\t\t\t<\/div>\n\t\t<div class=\"elementor-element elementor-element-6bd9f55 e-flex e-con-boxed e-con e-parent\" data-id=\"6bd9f55\" data-element_type=\"container\" data-e-type=\"container\" data-settings=\"{&quot;background_background&quot;:&quot;classic&quot;}\">\n\t\t\t\t\t<div class=\"e-con-inner\">\n\t\t<div class=\"elementor-element elementor-element-cbc1389 e-con-full e-flex e-con e-child\" data-id=\"cbc1389\" data-element_type=\"container\" data-e-type=\"container\">\n\t\t\t\t<div class=\"elementor-element elementor-element-b38efc2 elementor-widget elementor-widget-image\" data-id=\"b38efc2\" data-element_type=\"widget\" data-e-type=\"widget\" data-widget_type=\"image.default\">\n\t\t\t\t<div class=\"elementor-widget-container\">\n\t\t\t\t\t\t\t\t\t\t\t\t\t\t\t<img loading=\"lazy\" decoding=\"async\" width=\"1036\" height=\"679\" src=\"https:\/\/modernteam.pl\/wp-content\/uploads\/2024\/10\/Projekt-4.webp\" class=\"attachment-full size-full wp-image-584\" alt=\"\" srcset=\"https:\/\/modernteam.pl\/wp-content\/uploads\/2024\/10\/Projekt-4.webp 1036w, https:\/\/modernteam.pl\/wp-content\/uploads\/2024\/10\/Projekt-4-300x197.webp 300w, https:\/\/modernteam.pl\/wp-content\/uploads\/2024\/10\/Projekt-4-1024x671.webp 1024w, https:\/\/modernteam.pl\/wp-content\/uploads\/2024\/10\/Projekt-4-768x503.webp 768w\" sizes=\"(max-width: 1036px) 100vw, 1036px\" \/>\t\t\t\t\t\t\t\t\t\t\t\t\t\t\t<\/div>\n\t\t\t\t<\/div>\n\t\t\t\t<\/div>\n\t\t<div class=\"elementor-element elementor-element-e689a93 e-con-full e-flex e-con e-child\" data-id=\"e689a93\" data-element_type=\"container\" data-e-type=\"container\">\n\t\t\t\t<div class=\"elementor-element elementor-element-2cefd2f elementor-widget elementor-widget-text-editor\" data-id=\"2cefd2f\" data-element_type=\"widget\" data-e-type=\"widget\" data-widget_type=\"text-editor.default\">\n\t\t\t\t<div class=\"elementor-widget-container\">\n\t\t\t\t\t\t\t\t\t<p>Nowoczesne i profesjonalnie przygotowane projekty ogrod\u00f3w, terenu zieleni.<br \/>Naszym Klientom oferujemy kompleksow\u0105 obs\u0142ug\u0119 teren\u00f3w zielonych, w ramach kt\u00f3rej projektujemy i realizujemy nowoczesne ogrody.<br \/>Aran\u017cacja ogrod\u00f3w pozwala na uzyskanie przestrzeni zr\u00f3\u017cnicowanej biologicznie i zgodnej z natur\u0105.<br \/>To czyni projekty wyj\u0105tkowymi i ch\u0119tnie wybieranymi przez Klient\u00f3w, kt\u00f3rzy chc\u0105 \u017cy\u0107 i mieszka\u0107 blisko natury.<br \/>Projektujemy i zak\u0142adamy ogrody w odpowiedzi na oczekiwania inwestor\u00f3w prywatnych, biznesowych oraz publicznych.<\/p>\t\t\t\t\t\t\t\t<\/div>\n\t\t\t\t<\/div>\n\t\t\t\t<\/div>\n\t\t\t\t\t<\/div>\n\t\t\t\t<\/div>\n\t\t\t\t<\/div>\n\t\t","protected":false},"excerpt":{"rendered":"<p>Modern PROJEKT Projektujemy domy, w kt\u00f3rych spe\u0142niaj\u0105 si\u0119 marzenia. Architekci spe\u0142niaj\u0105cy marzenia o pi\u0119knej bryle budynku, wn\u0119trzu i przestrzeni zagospodarowania terenu zieleni \u2013 ogrodu! Tak, to prawda. Spe\u0142niamy marzenia o pi\u0119knym wn\u0119trzu. Dzi\u0119ki naszej pasji i do\u015bwiadczeniu aran\u017cujemy ka\u017cd\u0105 przestrze\u0144, tworz\u0105c niezwyk\u0142e projekty. Jako zesp\u00f3\u0142 projektant\u00f3w i architekt\u00f3w jeste\u015bmy w stanie spe\u0142ni\u0107 ka\u017cde marzenie naszych [&hellip;]<\/p>\n","protected":false},"author":1,"featured_media":0,"parent":0,"menu_order":0,"comment_status":"closed","ping_status":"closed","template":"elementor_header_footer","meta":{"footnotes":""},"class_list":["post-313","page","type-page","status-publish","hentry"],"_links":{"self":[{"href":"https:\/\/modernteam.pl\/index.php\/wp-json\/wp\/v2\/pages\/313","targetHints":{"allow":["GET"]}}],"collection":[{"href":"https:\/\/modernteam.pl\/index.php\/wp-json\/wp\/v2\/pages"}],"about":[{"href":"https:\/\/modernteam.pl\/index.php\/wp-json\/wp\/v2\/types\/page"}],"author":[{"embeddable":true,"href":"https:\/\/modernteam.pl\/index.php\/wp-json\/wp\/v2\/users\/1"}],"replies":[{"embeddable":true,"href":"https:\/\/modernteam.pl\/index.php\/wp-json\/wp\/v2\/comments?post=313"}],"version-history":[{"count":37,"href":"https:\/\/modernteam.pl\/index.php\/wp-json\/wp\/v2\/pages\/313\/revisions"}],"predecessor-version":[{"id":873,"href":"https:\/\/modernteam.pl\/index.php\/wp-json\/wp\/v2\/pages\/313\/revisions\/873"}],"wp:attachment":[{"href":"https:\/\/modernteam.pl\/index.php\/wp-json\/wp\/v2\/media?parent=313"}],"curies":[{"name":"wp","href":"https:\/\/api.w.org\/{rel}","templated":true}]}}